{"id":2,"date":"2023-03-04T12:26:14","date_gmt":"2023-03-04T12:26:14","guid":{"rendered":"https:\/\/musikbaren.dk\/?page_id=2"},"modified":"2024-04-13T12:17:47","modified_gmt":"2024-04-13T12:17:47","slug":"sample-page","status":"publish","type":"page","link":"https:\/\/musikbaren.dk\/index.php\/sample-page\/","title":{"rendered":"HaveFest&#8217;ival"},"content":{"rendered":"\n<p>F\u00f8rste HaveFest&#8217;ival blev afholdt i 2014 p\u00e5 Nymarksvej i Hedensted, ca. samtidig med at Musikbaren version 0.3 var opst\u00e5et i k\u00e6lderen.<\/p>\n\n\n\n<p>Den f\u00f8rste festival var ikke \u00e5ben for offentligheden, men startede n\u00e6rmest som en f\u00f8dselsdag og samflytningsfest. <\/p>\n\n\n\n<p><\/p>\n\n\n\n<blockquote class=\"wp-block-quote is-layout-flow wp-block-quote-is-layout-flow\">\n<p>Hovednavnet var Snakebite, desuden var der &#8220;Smukke Johansen &amp; Onkel P&#8221; samt diverse Jam konstellationer.<\/p>\n\n\n\n<p><\/p>\n<\/blockquote>\n\n\n\n<p>I 2015 flyttede Musikbaren og HaveFest&#8217;ival til Rask M\u00f8lle &#8211; stadig i Hedensted kommune, og efter lidt ombygning var bar og festival klar til den f\u00f8rste festival p\u00e5 Raskvej den 11. Juni 2016.<\/p>\n\n\n\n<blockquote class=\"wp-block-quote is-layout-flow wp-block-quote-is-layout-flow\">\n<p>2016 HaveFest&#8217;ival var bl.a. med Sugarcane, Kaj &amp; Stjernerne, No Exit, DM Fink Mark, Smukke Johansen Onkel P og &#8220;dem&#8221;<\/p>\n<\/blockquote>\n\n\n\n<p>Vi vil forts\u00e6tte med at grave i historieb\u00f8gerne, og m\u00e5ske finde lidt billeder. Med tiden vil det nok v\u00e6re at finde p\u00e5 havefestival.dk Men som vi skriver 2024 er den alts\u00e5 ikke opdateret.  Vi ses \ud83d\ude09<\/p>\n\n\n\n<p><\/p>\n","protected":false},"excerpt":{"rendered":"<p> [&hellip;]<\/p>\n","protected":false},"author":3,"featured_media":0,"parent":0,"menu_order":0,"comment_status":"closed","ping_status":"open","template":"","meta":{"footnotes":""},"class_list":["post-2","page","type-page","status-publish","hentry"],"_links":{"self":[{"href":"https:\/\/musikbaren.dk\/index.php\/wp-json\/wp\/v2\/pages\/2","targetHints":{"allow":["GET"]}}],"collection":[{"href":"https:\/\/musikbaren.dk\/index.php\/wp-json\/wp\/v2\/pages"}],"about":[{"href":"https:\/\/musikbaren.dk\/index.php\/wp-json\/wp\/v2\/types\/page"}],"author":[{"embeddable":true,"href":"https:\/\/musikbaren.dk\/index.php\/wp-json\/wp\/v2\/users\/3"}],"replies":[{"embeddable":true,"href":"https:\/\/musikbaren.dk\/index.php\/wp-json\/wp\/v2\/comments?post=2"}],"version-history":[{"count":7,"href":"https:\/\/musikbaren.dk\/index.php\/wp-json\/wp\/v2\/pages\/2\/revisions"}],"predecessor-version":[{"id":186,"href":"https:\/\/musikbaren.dk\/index.php\/wp-json\/wp\/v2\/pages\/2\/revisions\/186"}],"wp:attachment":[{"href":"https:\/\/musikbaren.dk\/index.php\/wp-json\/wp\/v2\/media?parent=2"}],"curies":[{"name":"wp","href":"https:\/\/api.w.org\/{rel}","templated":true}]}}